{"id":10,"date":"2022-09-16T08:21:24","date_gmt":"2022-09-16T06:21:24","guid":{"rendered":"https:\/\/mbpavocats.ch\/?page_id=10"},"modified":"2024-04-16T17:47:15","modified_gmt":"2024-04-16T15:47:15","slug":"willkommen","status":"publish","type":"page","link":"https:\/\/mbpavocats.ch\/de\/","title":{"rendered":"Hauptseite"},"content":{"rendered":"<div data-elementor-type=\"wp-page\" data-elementor-id=\"10\" class=\"elementor elementor-10\" data-elementor-post-type=\"page\">\n\t\t\t\t\t\t<section class=\"elementor-section elementor-top-section elementor-element elementor-element-21cb2ca elementor-section-boxed elementor-section-height-default elementor-section-height-default\" data-id=\"21cb2ca\" data-element_type=\"section\" data-e-type=\"section\" data-settings=\"{&quot;background_background&quot;:&quot;classic&quot;}\">\n\t\t\t\t\t\t<div class=\"elementor-container elementor-column-gap-default\">\n\t\t\t\t\t<div class=\"elementor-column elementor-col-100 elementor-top-column elementor-element elementor-element-589a1cf\" data-id=\"589a1cf\" data-element_type=\"column\" data-e-type=\"column\">\n\t\t\t<div class=\"elementor-widget-wrap elementor-element-populated\">\n\t\t\t\t\t\t<div class=\"elementor-element elementor-element-0cd1970 elementor-widget elementor-widget-video\" data-id=\"0cd1970\" data-element_type=\"widget\" data-e-type=\"widget\" data-settings=\"{&quot;video_type&quot;:&quot;hosted&quot;,&quot;autoplay&quot;:&quot;yes&quot;,&quot;play_on_mobile&quot;:&quot;yes&quot;,&quot;mute&quot;:&quot;yes&quot;}\" data-widget_type=\"video.default\">\n\t\t\t\t<div class=\"elementor-widget-container\">\n\t\t\t\t\t\t\t<div class=\"e-hosted-video elementor-wrapper elementor-open-inline\">\n\t\t\t\t\t<video class=\"elementor-video\" src=\"https:\/\/mbpavocats.ch\/wp-content\/uploads\/2022\/09\/mbpzoom-1.mp4\" autoplay=\"\" muted=\"muted\" playsinline=\"\" controlslist=\"nodownload\"><\/video>\n\t\t\t\t<\/div>\n\t\t\t\t\t\t<\/div>\n\t\t\t\t<\/div>\n\t\t\t\t\t<\/div>\n\t\t<\/div>\n\t\t\t\t\t<\/div>\n\t\t<\/section>\n\t\t\t\t<section class=\"elementor-section elementor-top-section elementor-element elementor-element-1333480 elementor-section-boxed elementor-section-height-default elementor-section-height-default\" data-id=\"1333480\" data-element_type=\"section\" data-e-type=\"section\" data-settings=\"{&quot;background_background&quot;:&quot;classic&quot;}\">\n\t\t\t\t\t\t<div class=\"elementor-container elementor-column-gap-default\">\n\t\t\t\t\t<div class=\"elementor-column elementor-col-100 elementor-top-column elementor-element elementor-element-e3e35d1\" data-id=\"e3e35d1\" data-element_type=\"column\" data-e-type=\"column\">\n\t\t\t<div class=\"elementor-widget-wrap elementor-element-populated\">\n\t\t\t\t\t\t<div class=\"elementor-element elementor-element-d779764 elementor-widget elementor-widget-heading\" data-id=\"d779764\" data-element_type=\"widget\" data-e-type=\"widget\" data-widget_type=\"heading.default\">\n\t\t\t\t<div class=\"elementor-widget-container\">\n\t\t\t\t\t<h1 class=\"elementor-heading-title elementor-size-default\">Die Anwaltskanzlei mbp | avocats bietet Privatpersonen, Unternehmen, Beh\u00f6rden und Verb\u00e4nden eine Vielzahl von rechtlichen Dienstleistungen an. Unsere Anw\u00e4lte sind in jeweiligen ausgew\u00e4hlten Fachbereichen spezialisiert. Sie werden von dem Anwalt beraten, der jeweils \u00fcber die gr\u00f6sste Expertise im entsprechenden Fachbereich verf\u00fcgt.<\/h1>\t\t\t\t<\/div>\n\t\t\t\t<\/div>\n\t\t\t\t<div class=\"elementor-element elementor-element-c58dfbe elementor-widget elementor-widget-text-editor\" data-id=\"c58dfbe\" data-element_type=\"widget\" data-e-type=\"widget\" data-widget_type=\"text-editor.default\">\n\t\t\t\t<div class=\"elementor-widget-container\">\n\t\t\t\t\t\t\t\t\tUnsere Dienstleistungen umfassen Rechtsberatung, Verhandlung und Vertretung vor Gericht und Beh\u00f6rden sowie in Schiedsverfahren. Alle Anw\u00e4lte unserer Kanzlei sind Mitglieder des Schweizerischen und Freiburgischen Anwaltsverbands.\n\n\t\t\t\t\t\t\t\t<\/div>\n\t\t\t\t<\/div>\n\t\t\t\t\t<\/div>\n\t\t<\/div>\n\t\t\t\t\t<\/div>\n\t\t<\/section>\n\t\t\t\t<\/div>","protected":false},"excerpt":{"rendered":"<p>https:\/\/mbpavocats.ch\/wp-content\/uploads\/2022\/09\/mbpzoom-1.mp4 L\u2019\u00e9tude mbp | avocats offre aux particuliers, entreprises, collectivit\u00e9s publiques et associations une gamme \u00e9tendue de services propos\u00e9s par des avocats aux comp\u00e9tences compl\u00e9mentaires. L\u2019\u00c9tude assure \u00e0 ses clients une ex\u00e9cution du mandat par l\u2019avocat choisi ou recommand\u00e9 selon sa sp\u00e9cialisation et ses domaines de pr\u00e9dilection. Les prestations de l\u2019\u00c9tude sont, notamment, le conseil [&hellip;]<\/p>\n","protected":false},"author":4,"featured_media":0,"parent":0,"menu_order":0,"comment_status":"closed","ping_status":"closed","template":"","meta":{"footnotes":""},"class_list":["post-10","page","type-page","status-publish","hentry"],"_links":{"self":[{"href":"https:\/\/mbpavocats.ch\/de\/wp-json\/wp\/v2\/pages\/10","targetHints":{"allow":["GET"]}}],"collection":[{"href":"https:\/\/mbpavocats.ch\/de\/wp-json\/wp\/v2\/pages"}],"about":[{"href":"https:\/\/mbpavocats.ch\/de\/wp-json\/wp\/v2\/types\/page"}],"author":[{"embeddable":true,"href":"https:\/\/mbpavocats.ch\/de\/wp-json\/wp\/v2\/users\/4"}],"replies":[{"embeddable":true,"href":"https:\/\/mbpavocats.ch\/de\/wp-json\/wp\/v2\/comments?post=10"}],"version-history":[{"count":43,"href":"https:\/\/mbpavocats.ch\/de\/wp-json\/wp\/v2\/pages\/10\/revisions"}],"predecessor-version":[{"id":369,"href":"https:\/\/mbpavocats.ch\/de\/wp-json\/wp\/v2\/pages\/10\/revisions\/369"}],"wp:attachment":[{"href":"https:\/\/mbpavocats.ch\/de\/wp-json\/wp\/v2\/media?parent=10"}],"curies":[{"name":"wp","href":"https:\/\/api.w.org\/{rel}","templated":true}]}}